{"id":3534,"date":"2025-01-27T03:02:55","date_gmt":"2025-01-27T03:02:55","guid":{"rendered":"https:\/\/glove.easiwin.com\/?post_type=product&#038;p=3534"},"modified":"2025-02-27T02:40:57","modified_gmt":"2025-02-27T02:40:57","slug":"c2434-snell-oil-proof-nitrile-half-coated-cut-protective-glove","status":"publish","type":"product","link":"https:\/\/snellsafety.com\/pt\/product\/c2434-snell-oil-proof-nitrile-half-coated-cut-protective-glove\/","title":{"rendered":"C2434 Luva de prote\u00e7\u00e3o contra cortes em nitrilo semi-revestida Snell \u00e0 prova de \u00f3leo"},"content":{"rendered":"","protected":false},"featured_media":4441,"template":"","meta":{"_acf_changed":true,"_gspb_post_css":"","_kad_blocks_custom_css":"","_kad_blocks_head_custom_js":"","_kad_blocks_body_custom_js":"","_kad_blocks_footer_custom_js":"","_kad_post_transparent":"","_kad_post_title":"","_kad_post_layout":"","_kad_post_sidebar_id":"","_kad_post_content_style":"","_kad_post_vertical_padding":"","_kad_post_feature":"","_kad_post_feature_position":"","_kad_post_header":false,"_kad_post_footer":false,"_kad_post_classname":""},"product-by-industry":[74,75,76,77,78,80],"product-category":[35,39],"class_list":["post-3534","product","type-product","status-publish","has-post-thumbnail","hentry","product-by-industry-automotive","product-by-industry-construction","product-by-industry-logistics-warehouse","product-by-industry-maintenance","product-by-industry-manufacturing","product-by-industry-oil-gas-mining","product-category-cut-resistant-gloves","product-category-oil-resistant-gloves"],"acf":[],"taxonomy_info":{"product-by-industry":[{"value":74,"label":"Automotive"},{"value":75,"label":"Construction"},{"value":76,"label":"Logistics &amp; Warehouse"},{"value":77,"label":"Maintenance"},{"value":78,"label":"Manufacturing"},{"value":80,"label":"Oil &amp; Gas &amp; Mining"}],"product-category":[{"value":35,"label":"Cut Resistant Gloves"},{"value":39,"label":"Oil Resistant Gloves"}]},"featured_image_src_large":["https:\/\/snellsafety.com\/wp-content\/uploads\/2025\/02\/C2434_\u526f\u672c.jpg",869,869,false],"author_info":[],"comment_info":"","_links":{"self":[{"href":"https:\/\/snellsafety.com\/pt\/wp-json\/wp\/v2\/product\/3534","targetHints":{"allow":["GET"]}}],"collection":[{"href":"https:\/\/snellsafety.com\/pt\/wp-json\/wp\/v2\/product"}],"about":[{"href":"https:\/\/snellsafety.com\/pt\/wp-json\/wp\/v2\/types\/product"}],"wp:featuredmedia":[{"embeddable":true,"href":"https:\/\/snellsafety.com\/pt\/wp-json\/wp\/v2\/media\/4441"}],"wp:attachment":[{"href":"https:\/\/snellsafety.com\/pt\/wp-json\/wp\/v2\/media?parent=3534"}],"wp:term":[{"taxonomy":"product-by-industry","embeddable":true,"href":"https:\/\/snellsafety.com\/pt\/wp-json\/wp\/v2\/product-by-industry?post=3534"},{"taxonomy":"product-category","embeddable":true,"href":"https:\/\/snellsafety.com\/pt\/wp-json\/wp\/v2\/product-category?post=3534"}],"curies":[{"name":"wp","href":"https:\/\/api.w.org\/{rel}","templated":true}]}}