{"id":3400,"date":"2025-01-25T01:37:03","date_gmt":"2025-01-25T01:37:03","guid":{"rendered":"https:\/\/glove.easiwin.com\/?post_type=product&#038;p=3400"},"modified":"2025-02-27T02:19:52","modified_gmt":"2025-02-27T02:19:52","slug":"c2419-snell-oil-resistant-half-dipped-safety-glove-with-nitrile-foam-sandy","status":"publish","type":"product","link":"https:\/\/snellsafety.com\/pt\/product\/c2419-snell-oil-resistant-half-dipped-safety-glove-with-nitrile-foam-sandy\/","title":{"rendered":"C2419 Luva de seguran\u00e7a Snell resistente a \u00f3leo com meia imers\u00e3o e espuma de nitrilo"},"content":{"rendered":"","protected":false},"featured_media":3403,"template":"","meta":{"_acf_changed":true,"_gspb_post_css":"","_kad_blocks_custom_css":"","_kad_blocks_head_custom_js":"","_kad_blocks_body_custom_js":"","_kad_blocks_footer_custom_js":"","_kad_post_transparent":"","_kad_post_title":"","_kad_post_layout":"","_kad_post_sidebar_id":"","_kad_post_content_style":"","_kad_post_vertical_padding":"","_kad_post_feature":"","_kad_post_feature_position":"","_kad_post_header":false,"_kad_post_footer":false,"_kad_post_classname":""},"product-by-industry":[74,75,83,77,79],"product-category":[35,46],"class_list":["post-3400","product","type-product","status-publish","has-post-thumbnail","hentry","product-by-industry-automotive","product-by-industry-construction","product-by-industry-gardening","product-by-industry-maintenance","product-by-industry-metal-fabrication","product-category-cut-resistant-gloves","product-category-construction-gloves"],"acf":[],"taxonomy_info":{"product-by-industry":[{"value":74,"label":"Automotive"},{"value":75,"label":"Construction"},{"value":83,"label":"Gardening"},{"value":77,"label":"Maintenance"},{"value":79,"label":"Metal Fabrication"}],"product-category":[{"value":35,"label":"Cut Resistant Gloves"},{"value":46,"label":"Construction Gloves"}]},"featured_image_src_large":["https:\/\/snellsafety.com\/wp-content\/uploads\/2025\/01\/9\u72ec\u7acb\u7ad9.jpg",800,800,false],"author_info":[],"comment_info":"","_links":{"self":[{"href":"https:\/\/snellsafety.com\/pt\/wp-json\/wp\/v2\/product\/3400","targetHints":{"allow":["GET"]}}],"collection":[{"href":"https:\/\/snellsafety.com\/pt\/wp-json\/wp\/v2\/product"}],"about":[{"href":"https:\/\/snellsafety.com\/pt\/wp-json\/wp\/v2\/types\/product"}],"wp:featuredmedia":[{"embeddable":true,"href":"https:\/\/snellsafety.com\/pt\/wp-json\/wp\/v2\/media\/3403"}],"wp:attachment":[{"href":"https:\/\/snellsafety.com\/pt\/wp-json\/wp\/v2\/media?parent=3400"}],"wp:term":[{"taxonomy":"product-by-industry","embeddable":true,"href":"https:\/\/snellsafety.com\/pt\/wp-json\/wp\/v2\/product-by-industry?post=3400"},{"taxonomy":"product-category","embeddable":true,"href":"https:\/\/snellsafety.com\/pt\/wp-json\/wp\/v2\/product-category?post=3400"}],"curies":[{"name":"wp","href":"https:\/\/api.w.org\/{rel}","templated":true}]}}