{"id":4366,"date":"2025-02-19T02:47:08","date_gmt":"2025-02-19T02:47:08","guid":{"rendered":"https:\/\/glove.easiwin.com\/?post_type=product&#038;p=4366"},"modified":"2025-02-26T09:30:40","modified_gmt":"2025-02-26T09:30:40","slug":"t2519-snell-aramid-heat-protective-mechanics-glove","status":"publish","type":"product","link":"https:\/\/snellsafety.com\/es\/product\/t2519-snell-aramid-heat-protective-mechanics-glove\/","title":{"rendered":"T2519 Guante mec\u00e1nico de protecci\u00f3n t\u00e9rmica de aramida Snell"},"content":{"rendered":"","protected":false},"featured_media":4364,"template":"","meta":{"_acf_changed":true,"_gspb_post_css":"","_kad_blocks_custom_css":"","_kad_blocks_head_custom_js":"","_kad_blocks_body_custom_js":"","_kad_blocks_footer_custom_js":"","_kad_post_transparent":"","_kad_post_title":"","_kad_post_layout":"","_kad_post_sidebar_id":"","_kad_post_content_style":"","_kad_post_vertical_padding":"","_kad_post_feature":"","_kad_post_feature_position":"","_kad_post_header":false,"_kad_post_footer":false,"_kad_post_classname":""},"product-by-industry":[73,74,75,76,77,78,79],"product-category":[46,35,85],"class_list":["post-4366","product","type-product","status-publish","has-post-thumbnail","hentry","product-by-industry-agriculture","product-by-industry-automotive","product-by-industry-construction","product-by-industry-logistics-warehouse","product-by-industry-maintenance","product-by-industry-manufacturing","product-by-industry-metal-fabrication","product-category-construction-gloves","product-category-cut-resistant-gloves","product-category-heat-resistant-gloves"],"acf":[],"taxonomy_info":{"product-by-industry":[{"value":73,"label":"Agriculture"},{"value":74,"label":"Automotive"},{"value":75,"label":"Construction"},{"value":76,"label":"Logistics &amp; Warehouse"},{"value":77,"label":"Maintenance"},{"value":78,"label":"Manufacturing"},{"value":79,"label":"Metal Fabrication"}],"product-category":[{"value":46,"label":"Construction Gloves"},{"value":35,"label":"Cut Resistant Gloves"},{"value":85,"label":"Heat Resistant Gloves"}]},"featured_image_src_large":["https:\/\/snellsafety.com\/wp-content\/uploads\/2025\/02\/T2519.jpg",741,739,false],"author_info":[],"comment_info":"","_links":{"self":[{"href":"https:\/\/snellsafety.com\/es\/wp-json\/wp\/v2\/product\/4366","targetHints":{"allow":["GET"]}}],"collection":[{"href":"https:\/\/snellsafety.com\/es\/wp-json\/wp\/v2\/product"}],"about":[{"href":"https:\/\/snellsafety.com\/es\/wp-json\/wp\/v2\/types\/product"}],"wp:featuredmedia":[{"embeddable":true,"href":"https:\/\/snellsafety.com\/es\/wp-json\/wp\/v2\/media\/4364"}],"wp:attachment":[{"href":"https:\/\/snellsafety.com\/es\/wp-json\/wp\/v2\/media?parent=4366"}],"wp:term":[{"taxonomy":"product-by-industry","embeddable":true,"href":"https:\/\/snellsafety.com\/es\/wp-json\/wp\/v2\/product-by-industry?post=4366"},{"taxonomy":"product-category","embeddable":true,"href":"https:\/\/snellsafety.com\/es\/wp-json\/wp\/v2\/product-category?post=4366"}],"curies":[{"name":"wp","href":"https:\/\/api.w.org\/{rel}","templated":true}]}}